{"id":431,"date":"2022-04-04T17:44:38","date_gmt":"2022-04-04T17:44:38","guid":{"rendered":"https:\/\/destinochipre.com\/?page_id=431"},"modified":"2022-04-05T14:31:52","modified_gmt":"2022-04-05T14:31:52","slug":"quienes-somos","status":"publish","type":"page","link":"https:\/\/destinochipre.com\/?page_id=431","title":{"rendered":"Quienes Somos"},"content":{"rendered":"\t\t<div data-elementor-type=\"wp-page\" data-elementor-id=\"431\" class=\"elementor elementor-431\" data-elementor-post-type=\"page\">\n\t\t\t\t\t\t<section class=\"elementor-section elementor-top-section elementor-element elementor-element-4c2d50aa elementor-section-boxed elementor-section-height-default elementor-section-height-default\" data-id=\"4c2d50aa\" data-element_type=\"section\" data-settings=\"{&quot;background_background&quot;:&quot;classic&quot;}\">\n\t\t\t\t\t\t\t<div class=\"elementor-background-overlay\"><\/div>\n\t\t\t\t\t\t\t<div class=\"elementor-container elementor-column-gap-default\">\n\t\t\t\t\t<div class=\"elementor-column elementor-col-100 elementor-top-column elementor-element elementor-element-1bdc5b60\" data-id=\"1bdc5b60\" data-element_type=\"column\">\n\t\t\t<div class=\"elementor-widget-wrap elementor-element-populated\">\n\t\t\t\t\t\t<div class=\"elementor-element elementor-element-5ddb404d elementor-widget elementor-widget-heading\" data-id=\"5ddb404d\" data-element_type=\"widget\" data-widget_type=\"heading.default\">\n\t\t\t\t<div class=\"elementor-widget-container\">\n\t\t\t<style>\/*! elementor - v3.20.0 - 26-03-2024 *\/\n.elementor-heading-title{padding:0;margin:0;line-height:1}.elementor-widget-heading .elementor-heading-title[class*=elementor-size-]>a{color:inherit;font-size:inherit;line-height:inherit}.elementor-widget-heading .elementor-heading-title.elementor-size-small{font-size:15px}.elementor-widget-heading .elementor-heading-title.elementor-size-medium{font-size:19px}.elementor-widget-heading .elementor-heading-title.elementor-size-large{font-size:29px}.elementor-widget-heading .elementor-heading-title.elementor-size-xl{font-size:39px}.elementor-widget-heading .elementor-heading-title.elementor-size-xxl{font-size:59px}<\/style><h2 class=\"elementor-heading-title elementor-size-default\">Quienes somos<\/h2>\t\t<\/div>\n\t\t\t\t<\/div>\n\t\t\t\t<div class=\"elementor-element elementor-element-5acff7b7 elementor-icon-list--layout-inline elementor-align-center elementor-list-item-link-full_width elementor-widget elementor-widget-icon-list\" data-id=\"5acff7b7\" data-element_type=\"widget\" data-widget_type=\"icon-list.default\">\n\t\t\t\t<div class=\"elementor-widget-container\">\n\t\t\t<link rel=\"stylesheet\" href=\"https:\/\/destinochipre.com\/wp-content\/plugins\/elementor\/assets\/css\/widget-icon-list.min.css\">\t\t<ul class=\"elementor-icon-list-items elementor-inline-items\">\n\t\t\t\t\t\t\t<li class=\"elementor-icon-list-item elementor-inline-item\">\n\t\t\t\t\t\t\t\t\t\t<span class=\"elementor-icon-list-text\">Home<\/span>\n\t\t\t\t\t\t\t\t\t<\/li>\n\t\t\t\t\t\t\t\t<li class=\"elementor-icon-list-item elementor-inline-item\">\n\t\t\t\t\t\t\t\t\t\t\t<span class=\"elementor-icon-list-icon\">\n\t\t\t\t\t\t\t<i aria-hidden=\"true\" class=\"fas fa-chevron-right\"><\/i>\t\t\t\t\t\t<\/span>\n\t\t\t\t\t\t\t\t\t\t<span class=\"elementor-icon-list-text\">Informaci\u00f3n<\/span>\n\t\t\t\t\t\t\t\t\t<\/li>\n\t\t\t\t\t\t<\/ul>\n\t\t\t\t<\/div>\n\t\t\t\t<\/div>\n\t\t\t\t\t<\/div>\n\t\t<\/div>\n\t\t\t\t\t<\/div>\n\t\t<\/section>\n\t\t\t\t<section class=\"elementor-section elementor-top-section elementor-element elementor-element-6f7e127f elementor-section-boxed elementor-section-height-default elementor-section-height-default\" data-id=\"6f7e127f\" data-element_type=\"section\">\n\t\t\t\t\t\t\t<div class=\"elementor-background-overlay\"><\/div>\n\t\t\t\t\t\t\t<div class=\"elementor-container elementor-column-gap-default\">\n\t\t\t\t\t<div class=\"elementor-column elementor-col-100 elementor-top-column elementor-element elementor-element-2433cb8a\" data-id=\"2433cb8a\" data-element_type=\"column\">\n\t\t\t<div class=\"elementor-widget-wrap elementor-element-populated\">\n\t\t\t\t\t\t<div class=\"elementor-element elementor-element-6a2c1bdb elementor-absolute elementor-widget elementor-widget-heading\" data-id=\"6a2c1bdb\" data-element_type=\"widget\" data-settings=\"{&quot;_position&quot;:&quot;absolute&quot;}\" data-widget_type=\"heading.default\">\n\t\t\t\t<div class=\"elementor-widget-container\">\n\t\t\t<h2 class=\"elementor-heading-title elementor-size-default\">Info<\/h2>\t\t<\/div>\n\t\t\t\t<\/div>\n\t\t\t\t<div class=\"elementor-element elementor-element-9274fec elementor-widget elementor-widget-heading\" data-id=\"9274fec\" data-element_type=\"widget\" data-widget_type=\"heading.default\">\n\t\t\t\t<div class=\"elementor-widget-container\">\n\t\t\t<h2 class=\"elementor-heading-title elementor-size-default\">Quienes somos<\/h2>\t\t<\/div>\n\t\t\t\t<\/div>\n\t\t\t\t<section class=\"elementor-section elementor-inner-section elementor-element elementor-element-470834a4 elementor-section-boxed elementor-section-height-default elementor-section-height-default\" data-id=\"470834a4\" data-element_type=\"section\">\n\t\t\t\t\t\t<div class=\"elementor-container elementor-column-gap-default\">\n\t\t\t\t\t<div class=\"elementor-column elementor-col-100 elementor-inner-column elementor-element elementor-element-44c70a4a\" data-id=\"44c70a4a\" data-element_type=\"column\">\n\t\t\t<div class=\"elementor-widget-wrap elementor-element-populated\">\n\t\t\t\t\t\t<div class=\"elementor-element elementor-element-994cc8b elementor-widget elementor-widget-text-editor\" data-id=\"994cc8b\" data-element_type=\"widget\" data-widget_type=\"text-editor.default\">\n\t\t\t\t<div class=\"elementor-widget-container\">\n\t\t\t<style>\/*! elementor - v3.20.0 - 26-03-2024 *\/\n.elementor-widget-text-editor.elementor-drop-cap-view-stacked .elementor-drop-cap{background-color:#69727d;color:#fff}.elementor-widget-text-editor.elementor-drop-cap-view-framed .elementor-drop-cap{color:#69727d;border:3px solid;background-color:transparent}.elementor-widget-text-editor:not(.elementor-drop-cap-view-default) .elementor-drop-cap{margin-top:8px}.elementor-widget-text-editor:not(.elementor-drop-cap-view-default) .elementor-drop-cap-letter{width:1em;height:1em}.elementor-widget-text-editor .elementor-drop-cap{float:left;text-align:center;line-height:1;font-size:50px}.elementor-widget-text-editor .elementor-drop-cap-letter{display:inline-block}<\/style>\t\t\t\t<p>Destino Chipre Viajes es una agencia de viajes especializada en la organizaci\u00f3n y gesti\u00f3n de viajes a Grecia, adem\u00e1s de viajes combinados con otros pa\u00edses como Chipre, Turqu\u00eda, Italia, Croacia, Egipto y Bulgaria.<br \/>A trav\u00e9s de nuestro portal www.DestinoChipre.es ofrecemos una amplia programaci\u00f3n de viajes creados por un equipo de profesionales altamente conocedores del destino y con muchos a\u00f1os de experiencia en la organizaci\u00f3n de viajes a Grecia.<br \/>Nuestro equipo de profesionales les ofrecer\u00e1 el mejor asesoramiento y les ayudar\u00e1 a confeccionar el mejor viaje posible para que sus vacaciones a Grecia sean un \u00e9xito. <br \/>Viajes a la medida, propuestas para viajar en grupo, viajes de novios y las mejores ofertas, son algunas de las opciones que podr\u00e1n encontrar en www.DestinoChipre.es.<br \/>Viajes organizados y Cruceros por XXXXXXXXXXXXXXX XXXXXXXXXX XXXXXXXXXX XXXXXXXXXXXX XXXXX, son algunos de los destinos que podr\u00e1n disfrutar con nuestros viajes.<br \/>Viajar a Grecia con Destino Grecia Viajes supone asesoramiento completo, precios competitivos, gesti\u00f3n personalizada de su viaje, con los mejores servicios y atenci\u00f3n 24 horas en destino a trav\u00e9s de nuestro tel\u00e9fono de emergencias.<br \/>Viajar a Grecia con los especialistas<\/p><p>Viajar a Chipre con www.DestinoChipre.es<\/p>\t\t\t\t\t\t<\/div>\n\t\t\t\t<\/div>\n\t\t\t\t\t<\/div>\n\t\t<\/div>\n\t\t\t\t\t<\/div>\n\t\t<\/section>\n\t\t\t\t\t<\/div>\n\t\t<\/div>\n\t\t\t\t\t<\/div>\n\t\t<\/section>\n\t\t\t\t<\/div>\n\t\t","protected":false},"excerpt":{"rendered":"<p>Quienes somos Home Informaci\u00f3n Info Quienes somos Destino Chipre Viajes es una agencia de viajes especializada en la organizaci\u00f3n y gesti\u00f3n de viajes a Grecia, adem\u00e1s de viajes combinados con otros pa\u00edses como Chipre, Turqu\u00eda, Italia, Croacia, Egipto y Bulgaria.A trav\u00e9s de nuestro portal www.DestinoChipre.es ofrecemos una amplia programaci\u00f3n de viajes creados por un equipo [&hellip;]<\/p>\n","protected":false},"author":1,"featured_media":0,"parent":0,"menu_order":0,"comment_status":"closed","ping_status":"closed","template":"elementor_header_footer","meta":{"footnotes":""},"class_list":["post-431","page","type-page","status-publish","hentry"],"_links":{"self":[{"href":"https:\/\/destinochipre.com\/index.php?rest_route=\/wp\/v2\/pages\/431","targetHints":{"allow":["GET"]}}],"collection":[{"href":"https:\/\/destinochipre.com\/index.php?rest_route=\/wp\/v2\/pages"}],"about":[{"href":"https:\/\/destinochipre.com\/index.php?rest_route=\/wp\/v2\/types\/page"}],"author":[{"embeddable":true,"href":"https:\/\/destinochipre.com\/index.php?rest_route=\/wp\/v2\/users\/1"}],"replies":[{"embeddable":true,"href":"https:\/\/destinochipre.com\/index.php?rest_route=%2Fwp%2Fv2%2Fcomments&post=431"}],"version-history":[{"count":11,"href":"https:\/\/destinochipre.com\/index.php?rest_route=\/wp\/v2\/pages\/431\/revisions"}],"predecessor-version":[{"id":450,"href":"https:\/\/destinochipre.com\/index.php?rest_route=\/wp\/v2\/pages\/431\/revisions\/450"}],"wp:attachment":[{"href":"https:\/\/destinochipre.com\/index.php?rest_route=%2Fwp%2Fv2%2Fmedia&parent=431"}],"curies":[{"name":"wp","href":"https:\/\/api.w.org\/{rel}","templated":true}]}}