{"id":440,"date":"2022-04-04T17:54:35","date_gmt":"2022-04-04T17:54:35","guid":{"rendered":"https:\/\/destinochipre.com\/?page_id=440"},"modified":"2022-04-04T17:56:58","modified_gmt":"2022-04-04T17:56:58","slug":"seguro-de-asistencia-en-viaje","status":"publish","type":"page","link":"https:\/\/destinochipre.com\/?page_id=440","title":{"rendered":"Seguro de asistencia en viaje"},"content":{"rendered":"\t\t<div data-elementor-type=\"wp-page\" data-elementor-id=\"440\" class=\"elementor elementor-440\" data-elementor-post-type=\"page\">\n\t\t\t\t\t\t<section class=\"elementor-section elementor-top-section elementor-element elementor-element-4c2d50aa elementor-section-boxed elementor-section-height-default elementor-section-height-default\" data-id=\"4c2d50aa\" data-element_type=\"section\" data-settings=\"{&quot;background_background&quot;:&quot;classic&quot;}\">\n\t\t\t\t\t\t\t<div class=\"elementor-background-overlay\"><\/div>\n\t\t\t\t\t\t\t<div class=\"elementor-container elementor-column-gap-default\">\n\t\t\t\t\t<div class=\"elementor-column elementor-col-100 elementor-top-column elementor-element elementor-element-1bdc5b60\" data-id=\"1bdc5b60\" data-element_type=\"column\">\n\t\t\t<div class=\"elementor-widget-wrap elementor-element-populated\">\n\t\t\t\t\t\t<div class=\"elementor-element elementor-element-5ddb404d elementor-widget elementor-widget-heading\" data-id=\"5ddb404d\" data-element_type=\"widget\" data-widget_type=\"heading.default\">\n\t\t\t\t<div class=\"elementor-widget-container\">\n\t\t\t<style>\/*! elementor - v3.20.0 - 26-03-2024 *\/\n.elementor-heading-title{padding:0;margin:0;line-height:1}.elementor-widget-heading .elementor-heading-title[class*=elementor-size-]>a{color:inherit;font-size:inherit;line-height:inherit}.elementor-widget-heading .elementor-heading-title.elementor-size-small{font-size:15px}.elementor-widget-heading .elementor-heading-title.elementor-size-medium{font-size:19px}.elementor-widget-heading .elementor-heading-title.elementor-size-large{font-size:29px}.elementor-widget-heading .elementor-heading-title.elementor-size-xl{font-size:39px}.elementor-widget-heading .elementor-heading-title.elementor-size-xxl{font-size:59px}<\/style><h2 class=\"elementor-heading-title elementor-size-default\">Seguro de asistencia en Viaje<\/h2>\t\t<\/div>\n\t\t\t\t<\/div>\n\t\t\t\t<div class=\"elementor-element elementor-element-5acff7b7 elementor-icon-list--layout-inline elementor-align-center elementor-list-item-link-full_width elementor-widget elementor-widget-icon-list\" data-id=\"5acff7b7\" data-element_type=\"widget\" data-widget_type=\"icon-list.default\">\n\t\t\t\t<div class=\"elementor-widget-container\">\n\t\t\t<link rel=\"stylesheet\" href=\"https:\/\/destinochipre.com\/wp-content\/plugins\/elementor\/assets\/css\/widget-icon-list.min.css\">\t\t<ul class=\"elementor-icon-list-items elementor-inline-items\">\n\t\t\t\t\t\t\t<li class=\"elementor-icon-list-item elementor-inline-item\">\n\t\t\t\t\t\t\t\t\t\t<span class=\"elementor-icon-list-text\">Home<\/span>\n\t\t\t\t\t\t\t\t\t<\/li>\n\t\t\t\t\t\t\t\t<li class=\"elementor-icon-list-item elementor-inline-item\">\n\t\t\t\t\t\t\t\t\t\t\t<span class=\"elementor-icon-list-icon\">\n\t\t\t\t\t\t\t<i aria-hidden=\"true\" class=\"fas fa-chevron-right\"><\/i>\t\t\t\t\t\t<\/span>\n\t\t\t\t\t\t\t\t\t\t<span class=\"elementor-icon-list-text\">Informaci\u00f3n<\/span>\n\t\t\t\t\t\t\t\t\t<\/li>\n\t\t\t\t\t\t<\/ul>\n\t\t\t\t<\/div>\n\t\t\t\t<\/div>\n\t\t\t\t\t<\/div>\n\t\t<\/div>\n\t\t\t\t\t<\/div>\n\t\t<\/section>\n\t\t\t\t<section class=\"elementor-section elementor-top-section elementor-element elementor-element-6f7e127f elementor-section-boxed elementor-section-height-default elementor-section-height-default\" data-id=\"6f7e127f\" data-element_type=\"section\">\n\t\t\t\t\t\t\t<div class=\"elementor-background-overlay\"><\/div>\n\t\t\t\t\t\t\t<div class=\"elementor-container elementor-column-gap-default\">\n\t\t\t\t\t<div class=\"elementor-column elementor-col-100 elementor-top-column elementor-element elementor-element-2433cb8a\" data-id=\"2433cb8a\" data-element_type=\"column\">\n\t\t\t<div class=\"elementor-widget-wrap elementor-element-populated\">\n\t\t\t\t\t\t<div class=\"elementor-element elementor-element-6a2c1bdb elementor-absolute elementor-widget elementor-widget-heading\" data-id=\"6a2c1bdb\" data-element_type=\"widget\" data-settings=\"{&quot;_position&quot;:&quot;absolute&quot;}\" data-widget_type=\"heading.default\">\n\t\t\t\t<div class=\"elementor-widget-container\">\n\t\t\t<h2 class=\"elementor-heading-title elementor-size-default\">Info<\/h2>\t\t<\/div>\n\t\t\t\t<\/div>\n\t\t\t\t<div class=\"elementor-element elementor-element-9274fec elementor-widget elementor-widget-heading\" data-id=\"9274fec\" data-element_type=\"widget\" data-widget_type=\"heading.default\">\n\t\t\t\t<div class=\"elementor-widget-container\">\n\t\t\t<h2 class=\"elementor-heading-title elementor-size-default\">Resumen de Garant\u00edas de la P\u00f3liza 661\/525 <br>contratada por Destino Chipre Viajes<\/h2>\t\t<\/div>\n\t\t\t\t<\/div>\n\t\t\t\t<section class=\"elementor-section elementor-inner-section elementor-element elementor-element-470834a4 elementor-section-boxed elementor-section-height-default elementor-section-height-default\" data-id=\"470834a4\" data-element_type=\"section\">\n\t\t\t\t\t\t<div class=\"elementor-container elementor-column-gap-default\">\n\t\t\t\t\t<div class=\"elementor-column elementor-col-100 elementor-inner-column elementor-element elementor-element-44c70a4a\" data-id=\"44c70a4a\" data-element_type=\"column\">\n\t\t\t<div class=\"elementor-widget-wrap elementor-element-populated\">\n\t\t\t\t\t\t<div class=\"elementor-element elementor-element-994cc8b elementor-widget elementor-widget-text-editor\" data-id=\"994cc8b\" data-element_type=\"widget\" data-widget_type=\"text-editor.default\">\n\t\t\t\t<div class=\"elementor-widget-container\">\n\t\t\t<style>\/*! elementor - v3.20.0 - 26-03-2024 *\/\n.elementor-widget-text-editor.elementor-drop-cap-view-stacked .elementor-drop-cap{background-color:#69727d;color:#fff}.elementor-widget-text-editor.elementor-drop-cap-view-framed .elementor-drop-cap{color:#69727d;border:3px solid;background-color:transparent}.elementor-widget-text-editor:not(.elementor-drop-cap-view-default) .elementor-drop-cap{margin-top:8px}.elementor-widget-text-editor:not(.elementor-drop-cap-view-default) .elementor-drop-cap-letter{width:1em;height:1em}.elementor-widget-text-editor .elementor-drop-cap{float:left;text-align:center;line-height:1;font-size:50px}.elementor-widget-text-editor .elementor-drop-cap-letter{display:inline-block}<\/style>\t\t\t\t<p>Transporte o repatriaci\u00f3n sanitaria en caso de enfermedad o accidente del Asegurado desplazado, hasta un centro sanitario adecuadamente equipado o hasta su pa\u00eds o lugar de residencia habitual.<br \/><br \/>Asistencia m\u00e9dica (gastos de hospitalizaci\u00f3n, de intervenciones quir\u00fargicas, de honorarios m\u00e9dicos, de gastos de enfermer\u00eda y de productos farmac\u00e9uticos) en caso de enfermedad o accidente del Asegurado desplazado en el extranjero (hasta 1.500,00 \u20ac m\u00e1ximo). En Espa\u00f1a (hasta 600,00 \u20ac. m\u00e1ximo).<br \/><br \/>Desplazamiento y alojamiento de una persona acompa\u00f1ante del Asegurado hospitalizado en caso de enfermedad o accidente (residente en el pa\u00eds o lugar de residencia habitual del Asegurado a elecci\u00f3n de \u00e9ste): <br \/>&#8211; Desplazamiento al lugar de hospitalizaci\u00f3n (viaje de ida y vuelta)<br \/>&#8211; Alojamiento: hasta 42,00 \u20ac.\/d\u00eda, con un l\u00edmite m\u00e1ximo de 420,00 \u20ac, o diez d\u00edas.<br \/><br \/>Prolongaci\u00f3n de la estancia del Asegurado desplazado, en caso de enfermedad o accidente y siempre por prescripci\u00f3n facultativa (hasta 42,00 \u20ac \/d\u00eda, con un l\u00edmite m\u00e1ximo de 420,00 \u20ac, o diez d\u00edas).<br \/><br \/>Transporte o repatriaci\u00f3n del Asegurado fallecido y desplazamiento de una persona acompa\u00f1ante (residente en el pa\u00eds o lugar de residencia habitual del Asegurado) que acompa\u00f1e el cuerpo, hasta el lugar de inhumaci\u00f3n, cremaci\u00f3n o ceremonia funeraria en su pa\u00eds de residencia habitual.<br \/><br \/>Desplazamiento del Asegurado por interrupci\u00f3n del viaje, debido al fallecimiento de un familiar hasta el segundo grado de parentesco en el pa\u00eds de residencia habitual del Asegurado.<br \/><br \/>Desplazamiento del Asegurado por interrupci\u00f3n del viaje, debido a una emergencia en su residencia habitual o locales profesionales.<br \/><br \/>Env\u00edo de medicamentos prescritos por un facultativo con car\u00e1cter urgente.<br \/><br \/>Transmisi\u00f3n de mensajes urgentes.<br \/><br \/>Indemnizaci\u00f3n en caso de p\u00e9rdida, robo o destrucci\u00f3n total o parcial por el conjunto del equipaje y efectos personales facturados, durante el transporte realizado por la compa\u00f1\u00eda transportista (hasta 300,00 \u20ac m\u00e1ximo). <br \/><br \/>Indemnizaci\u00f3n en caso de demora superior a 6 horas desde la llegada del vuelo, en la entrega del equipaje y efectos personales facturados en vuelo (hasta 90,00 \u20ac m\u00e1ximo) para sufragar los gastos de primera necesidad.<br \/><br \/>Localizaci\u00f3n y env\u00edo de los equipajes y efectos personales, hasta el lugar del viaje previsto o hasta el lugar de residencia habitual del Asegurado.<br \/><br \/>Gastos de anulaci\u00f3n del viaje contratado (hasta 300,00 \u20ac m\u00e1ximo).<br \/><br \/><br \/><strong>Condiciones de Intervenci\u00f3n:<\/strong><br \/>Cuando se produzca alguno de los hechos objeto de las prestaciones garantizadas, se solicitar\u00e1 por tel\u00e9fono la asistencia correspondiente. Las llamadas que el Asegurado efect\u00fae ser\u00e1n a cobro revertido y a los siguientes tel\u00e9fonos:<br \/><br \/>&#8211; Desde Espa\u00f1a: 902 \/ 36.19.94<br \/>&#8211; Desde el extranjero: (3491) 581.18.23<br \/><br \/><br \/>Este resumen de garant\u00edas es a t\u00edtulo informativo, no sustituyendo a las Condiciones Generales de la P\u00f3liza que prevalecer\u00e1n en caso de discrepancia.<\/p>\t\t\t\t\t\t<\/div>\n\t\t\t\t<\/div>\n\t\t\t\t\t<\/div>\n\t\t<\/div>\n\t\t\t\t\t<\/div>\n\t\t<\/section>\n\t\t\t\t\t<\/div>\n\t\t<\/div>\n\t\t\t\t\t<\/div>\n\t\t<\/section>\n\t\t\t\t<\/div>\n\t\t","protected":false},"excerpt":{"rendered":"<p>Seguro de asistencia en Viaje Home Informaci\u00f3n Info Resumen de Garant\u00edas de la P\u00f3liza 661\/525 contratada por Destino Chipre Viajes Transporte o repatriaci\u00f3n sanitaria en caso de enfermedad o accidente del Asegurado desplazado, hasta un centro sanitario adecuadamente equipado o hasta su pa\u00eds o lugar de residencia habitual. Asistencia m\u00e9dica (gastos de hospitalizaci\u00f3n, de intervenciones [&hellip;]<\/p>\n","protected":false},"author":1,"featured_media":0,"parent":0,"menu_order":0,"comment_status":"closed","ping_status":"closed","template":"elementor_header_footer","meta":{"footnotes":""},"class_list":["post-440","page","type-page","status-publish","hentry"],"_links":{"self":[{"href":"https:\/\/destinochipre.com\/index.php?rest_route=\/wp\/v2\/pages\/440","targetHints":{"allow":["GET"]}}],"collection":[{"href":"https:\/\/destinochipre.com\/index.php?rest_route=\/wp\/v2\/pages"}],"about":[{"href":"https:\/\/destinochipre.com\/index.php?rest_route=\/wp\/v2\/types\/page"}],"author":[{"embeddable":true,"href":"https:\/\/destinochipre.com\/index.php?rest_route=\/wp\/v2\/users\/1"}],"replies":[{"embeddable":true,"href":"https:\/\/destinochipre.com\/index.php?rest_route=%2Fwp%2Fv2%2Fcomments&post=440"}],"version-history":[{"count":4,"href":"https:\/\/destinochipre.com\/index.php?rest_route=\/wp\/v2\/pages\/440\/revisions"}],"predecessor-version":[{"id":444,"href":"https:\/\/destinochipre.com\/index.php?rest_route=\/wp\/v2\/pages\/440\/revisions\/444"}],"wp:attachment":[{"href":"https:\/\/destinochipre.com\/index.php?rest_route=%2Fwp%2Fv2%2Fmedia&parent=440"}],"curies":[{"name":"wp","href":"https:\/\/api.w.org\/{rel}","templated":true}]}}